{"id":2348,"date":"2021-03-19T13:16:15","date_gmt":"2021-03-19T11:16:15","guid":{"rendered":"https:\/\/www.lafoliedespapiers.com\/conseils\/?page_id=2348"},"modified":"2021-03-19T16:07:01","modified_gmt":"2021-03-19T14:07:01","slug":"accueil","status":"publish","type":"page","link":"https:\/\/www.lafoliedespapiers.com\/conseils\/","title":{"rendered":"Accueil"},"content":{"rendered":"<h2>LA FOLIE DES PAPIERS est une entreprise toulousaine sp\u00e9cialis\u00e9e dans l\u2019externalisation de la paie.<\/h2>\n<p>&nbsp;<\/p>\n<div class=\"box\"><div class=\"box-gray aligncenter\">\r\n\t\t\t\t<h4>En bref, voici nos prestations :<\/h4>\r\n\t\t\t\t<div class=\"icon\"><i class=\"fa  fa-3x\"><\/i><\/div>\r\n\t\t\t\t<p>Nous proposons 2 formules pour la gestion des paies :<\/p>\n<p>- mission de paie externalis\u00e9e<br \/>\n- mise \u00e0 disposition d'un logiciel de paie en ligne<\/p>\n<p>Ces prestations vous int\u00e9ressent, alors retrouvez toutes les informations utiles sur notre site.<\/p>\r\n\t\t\t<\/div>\r\n\t\t\t<div class=\"box-bottom\"><a href=\"https:\/\/www.lafoliedespapiers.com\">En savoir plus<\/a><\/div>\r\n\t\t\t<\/div>\n<p>&nbsp;<\/p>\n<h3>Pourquoi ce blog ?<\/h3>\n<p>LA FOLIE DES PAPIERS pense en priorit\u00e9 \u00e0 vos besoins\u00a0 quotidiens et ponctuels et vous d\u00e9livre des conseils utiles. Ce blog vous propose un contenu de qualit\u00e9 qui r\u00e9pond aux questions r\u00e9currentes.<\/p>\n<p>Les th\u00e8mes propos\u00e9s sont \u00e9labor\u00e9s autour de plusieurs axes :<\/p>\n<ul>\n<li>L\u2019embauche : calculer le co\u00fbt global, les formalit\u00e9s, les aides \u00e0 l\u2019apprentissage, \u2026<\/li>\n<li>Les obligations sociales : la DSN, la mutuelle obligatoire entreprise, \u2026<\/li>\n<li>L\u2019organisation : conservation des documents, tampon d\u2019entreprise, \u2026<\/li>\n<li>Les mesures sp\u00e9ciales en faveur des employeurs \u00e0 l\u2019occasion du coronavirus COVID-19<\/li>\n<\/ul>\n<blockquote><p>Certains articles vous offrent la possibilit\u00e9 d\u2019obtenir un guide, une trame, un courrier type\u2026 c\u2019est un moyen de vous aider gratuitement.<\/p><\/blockquote>\n<p>Ce contenu est gratuit. Pour \u00eatre inform\u00e9 de la mise en ligne de nouveaux article, inscrivez-vous \u00e0 la newsletter ou <a href=\"https:\/\/wp.me\/P7qzTb-gt\">t\u00e9l\u00e9chargez l\u2019application mobile<\/a>.<\/p>\n","protected":false},"excerpt":{"rendered":"<p>LA FOLIE DES PAPIERS est une entreprise toulousaine sp\u00e9cialis\u00e9e dans l\u2019externalisation de la paie. &nbsp; &nbsp; Pourquoi ce blog ? LA FOLIE DES PAPIERS pense en priorit\u00e9 \u00e0 vos besoins\u00a0 quotidiens et ponctuels et vous d\u00e9livre des conseils utiles. Ce blog vous propose un contenu de qualit\u00e9 qui r\u00e9pond aux questions r\u00e9currentes. Les th\u00e8mes propos\u00e9s [&hellip;]<\/p>\n","protected":false},"author":3,"featured_media":0,"parent":0,"menu_order":0,"comment_status":"closed","ping_status":"closed","template":"","meta":{"jetpack_post_was_ever_published":false,"footnotes":""},"yoast_head":"<!-- This site is optimized with the Yoast SEO plugin v24.5 - https:\/\/yoast.com\/wordpress\/plugins\/seo\/ -->\n<title>Accueil - LE BLOG SPECIAL PAIE<\/title>\n<meta name=\"robots\" content=\"index, follow, max-snippet:-1, max-image-preview:large, max-video-preview:-1\" \/>\n<link rel=\"canonical\" href=\"https:\/\/www.lafoliedespapiers.com\/conseils\/\" \/>\n<meta property=\"og:locale\" content=\"fr_FR\" \/>\n<meta property=\"og:type\" content=\"article\" \/>\n<meta property=\"og:title\" content=\"Accueil - LE BLOG SPECIAL PAIE\" \/>\n<meta property=\"og:description\" content=\"LA FOLIE DES PAPIERS est une entreprise toulousaine sp\u00e9cialis\u00e9e dans l\u2019externalisation de la paie. &nbsp; &nbsp; Pourquoi ce blog ? LA FOLIE DES PAPIERS pense en priorit\u00e9 \u00e0 vos besoins\u00a0 quotidiens et ponctuels et vous d\u00e9livre des conseils utiles. Ce blog vous propose un contenu de qualit\u00e9 qui r\u00e9pond aux questions r\u00e9currentes. Les th\u00e8mes propos\u00e9s [&hellip;]\" \/>\n<meta property=\"og:url\" content=\"https:\/\/www.lafoliedespapiers.com\/conseils\/\" \/>\n<meta property=\"og:site_name\" content=\"LE BLOG SPECIAL PAIE\" \/>\n<meta property=\"article:publisher\" content=\"https:\/\/fb.com\/lafoliedespapiers\" \/>\n<meta property=\"article:modified_time\" content=\"2021-03-19T14:07:01+00:00\" \/>\n<meta name=\"twitter:card\" content=\"summary_large_image\" \/>\n<meta name=\"twitter:site\" content=\"@LFDP_paie\" \/>\n<meta name=\"twitter:label1\" content=\"Dur\u00e9e de lecture estim\u00e9e\" \/>\n\t<meta name=\"twitter:data1\" content=\"1 minute\" \/>\n<script type=\"application\/ld+json\" class=\"yoast-schema-graph\">{\"@context\":\"https:\/\/schema.org\",\"@graph\":[{\"@type\":\"WebPage\",\"@id\":\"https:\/\/www.lafoliedespapiers.com\/conseils\/\",\"url\":\"https:\/\/www.lafoliedespapiers.com\/conseils\/\",\"name\":\"Accueil - LE BLOG SPECIAL PAIE\",\"isPartOf\":{\"@id\":\"https:\/\/www.lafoliedespapiers.com\/conseils\/#website\"},\"datePublished\":\"2021-03-19T11:16:15+00:00\",\"dateModified\":\"2021-03-19T14:07:01+00:00\",\"breadcrumb\":{\"@id\":\"https:\/\/www.lafoliedespapiers.com\/conseils\/#breadcrumb\"},\"inLanguage\":\"fr-FR\",\"potentialAction\":[{\"@type\":\"ReadAction\",\"target\":[\"https:\/\/www.lafoliedespapiers.com\/conseils\/\"]}]},{\"@type\":\"BreadcrumbList\",\"@id\":\"https:\/\/www.lafoliedespapiers.com\/conseils\/#breadcrumb\",\"itemListElement\":[{\"@type\":\"ListItem\",\"position\":1,\"name\":\"Accueil\",\"item\":\"https:\/\/www.lafoliedespapiers.com\/conseils\/\"},{\"@type\":\"ListItem\",\"position\":2,\"name\":\"Accueil\"}]},{\"@type\":\"WebSite\",\"@id\":\"https:\/\/www.lafoliedespapiers.com\/conseils\/#website\",\"url\":\"https:\/\/www.lafoliedespapiers.com\/conseils\/\",\"name\":\"LE BLOG SPECIAL PAIE\",\"description\":\"LA FOLIE DES PAPIERS 100% PAIE\",\"potentialAction\":[{\"@type\":\"SearchAction\",\"target\":{\"@type\":\"EntryPoint\",\"urlTemplate\":\"https:\/\/www.lafoliedespapiers.com\/conseils\/?s={search_term_string}\"},\"query-input\":{\"@type\":\"PropertyValueSpecification\",\"valueRequired\":true,\"valueName\":\"search_term_string\"}}],\"inLanguage\":\"fr-FR\"}]}<\/script>\n<!-- \/ Yoast SEO plugin. -->","yoast_head_json":{"title":"Accueil - LE BLOG SPECIAL PAIE","robots":{"index":"index","follow":"follow","max-snippet":"max-snippet:-1","max-image-preview":"max-image-preview:large","max-video-preview":"max-video-preview:-1"},"canonical":"https:\/\/www.lafoliedespapiers.com\/conseils\/","og_locale":"fr_FR","og_type":"article","og_title":"Accueil - LE BLOG SPECIAL PAIE","og_description":"LA FOLIE DES PAPIERS est une entreprise toulousaine sp\u00e9cialis\u00e9e dans l\u2019externalisation de la paie. &nbsp; &nbsp; Pourquoi ce blog ? LA FOLIE DES PAPIERS pense en priorit\u00e9 \u00e0 vos besoins\u00a0 quotidiens et ponctuels et vous d\u00e9livre des conseils utiles. Ce blog vous propose un contenu de qualit\u00e9 qui r\u00e9pond aux questions r\u00e9currentes. Les th\u00e8mes propos\u00e9s [&hellip;]","og_url":"https:\/\/www.lafoliedespapiers.com\/conseils\/","og_site_name":"LE BLOG SPECIAL PAIE","article_publisher":"https:\/\/fb.com\/lafoliedespapiers","article_modified_time":"2021-03-19T14:07:01+00:00","twitter_card":"summary_large_image","twitter_site":"@LFDP_paie","twitter_misc":{"Dur\u00e9e de lecture estim\u00e9e":"1 minute"},"schema":{"@context":"https:\/\/schema.org","@graph":[{"@type":"WebPage","@id":"https:\/\/www.lafoliedespapiers.com\/conseils\/","url":"https:\/\/www.lafoliedespapiers.com\/conseils\/","name":"Accueil - LE BLOG SPECIAL PAIE","isPartOf":{"@id":"https:\/\/www.lafoliedespapiers.com\/conseils\/#website"},"datePublished":"2021-03-19T11:16:15+00:00","dateModified":"2021-03-19T14:07:01+00:00","breadcrumb":{"@id":"https:\/\/www.lafoliedespapiers.com\/conseils\/#breadcrumb"},"inLanguage":"fr-FR","potentialAction":[{"@type":"ReadAction","target":["https:\/\/www.lafoliedespapiers.com\/conseils\/"]}]},{"@type":"BreadcrumbList","@id":"https:\/\/www.lafoliedespapiers.com\/conseils\/#breadcrumb","itemListElement":[{"@type":"ListItem","position":1,"name":"Accueil","item":"https:\/\/www.lafoliedespapiers.com\/conseils\/"},{"@type":"ListItem","position":2,"name":"Accueil"}]},{"@type":"WebSite","@id":"https:\/\/www.lafoliedespapiers.com\/conseils\/#website","url":"https:\/\/www.lafoliedespapiers.com\/conseils\/","name":"LE BLOG SPECIAL PAIE","description":"LA FOLIE DES PAPIERS 100% PAIE","potentialAction":[{"@type":"SearchAction","target":{"@type":"EntryPoint","urlTemplate":"https:\/\/www.lafoliedespapiers.com\/conseils\/?s={search_term_string}"},"query-input":{"@type":"PropertyValueSpecification","valueRequired":true,"valueName":"search_term_string"}}],"inLanguage":"fr-FR"}]}},"jetpack_sharing_enabled":true,"jetpack_shortlink":"https:\/\/wp.me\/P7qzTb-BS","jetpack-related-posts":[],"_links":{"self":[{"href":"https:\/\/www.lafoliedespapiers.com\/conseils\/wp-json\/wp\/v2\/pages\/2348"}],"collection":[{"href":"https:\/\/www.lafoliedespapiers.com\/conseils\/wp-json\/wp\/v2\/pages"}],"about":[{"href":"https:\/\/www.lafoliedespapiers.com\/conseils\/wp-json\/wp\/v2\/types\/page"}],"author":[{"embeddable":true,"href":"https:\/\/www.lafoliedespapiers.com\/conseils\/wp-json\/wp\/v2\/users\/3"}],"replies":[{"embeddable":true,"href":"https:\/\/www.lafoliedespapiers.com\/conseils\/wp-json\/wp\/v2\/comments?post=2348"}],"version-history":[{"count":6,"href":"https:\/\/www.lafoliedespapiers.com\/conseils\/wp-json\/wp\/v2\/pages\/2348\/revisions"}],"predecessor-version":[{"id":2357,"href":"https:\/\/www.lafoliedespapiers.com\/conseils\/wp-json\/wp\/v2\/pages\/2348\/revisions\/2357"}],"wp:attachment":[{"href":"https:\/\/www.lafoliedespapiers.com\/conseils\/wp-json\/wp\/v2\/media?parent=2348"}],"curies":[{"name":"wp","href":"https:\/\/api.w.org\/{rel}","templated":true}]}}