{"id":1158,"date":"2018-05-28T18:59:54","date_gmt":"2018-05-28T16:59:54","guid":{"rendered":"https:\/\/www.lafoliedespapiers.com\/conseils\/?page_id=1158"},"modified":"2021-01-29T20:12:29","modified_gmt":"2021-01-29T18:12:29","slug":"politique-de-confidentialite","status":"publish","type":"page","link":"https:\/\/www.lafoliedespapiers.com\/conseils\/politique-de-confidentialite\/","title":{"rendered":"Politique de confidentialit\u00e9"},"content":{"rendered":"<p>Rendez-vous sur le <a href=\"https:\/\/www.lafoliedespapiers.com\/mentions-legales.php\">site auquel est li\u00e9 ce blog<\/a><\/p>\n","protected":false},"excerpt":{"rendered":"<p>Rendez-vous sur le site auquel est li\u00e9 ce blog<\/p>\n","protected":false},"author":3,"featured_media":0,"parent":0,"menu_order":0,"comment_status":"closed","ping_status":"closed","template":"","meta":{"jetpack_post_was_ever_published":false,"footnotes":""},"yoast_head":"<!-- This site is optimized with the Yoast SEO plugin v24.5 - https:\/\/yoast.com\/wordpress\/plugins\/seo\/ -->\n<title>Politique de confidentialit\u00e9 - LE BLOG SPECIAL PAIE<\/title>\n<meta name=\"description\" content=\"Consulter la politique de confidentialit\u00e9 et plus g\u00e9n\u00e9ralement les conditions d&#039;utilisation de ce site.\" \/>\n<meta name=\"robots\" content=\"noindex, nofollow\" \/>\n<meta property=\"og:locale\" content=\"fr_FR\" \/>\n<meta property=\"og:type\" content=\"article\" \/>\n<meta property=\"og:title\" content=\"Politique de confidentialit\u00e9 - LE BLOG SPECIAL PAIE\" \/>\n<meta property=\"og:description\" content=\"Consulter la politique de confidentialit\u00e9 et plus g\u00e9n\u00e9ralement les conditions d&#039;utilisation de ce site.\" \/>\n<meta property=\"og:url\" content=\"https:\/\/www.lafoliedespapiers.com\/conseils\/politique-de-confidentialite\/\" \/>\n<meta property=\"og:site_name\" content=\"LE BLOG SPECIAL PAIE\" \/>\n<meta property=\"article:publisher\" content=\"https:\/\/fb.com\/lafoliedespapiers\" \/>\n<meta property=\"article:modified_time\" content=\"2021-01-29T18:12:29+00:00\" \/>\n<meta name=\"twitter:card\" content=\"summary_large_image\" \/>\n<meta name=\"twitter:site\" content=\"@LFDP_paie\" \/>\n<script type=\"application\/ld+json\" class=\"yoast-schema-graph\">{\"@context\":\"https:\/\/schema.org\",\"@graph\":[{\"@type\":\"WebPage\",\"@id\":\"https:\/\/www.lafoliedespapiers.com\/conseils\/politique-de-confidentialite\/\",\"url\":\"https:\/\/www.lafoliedespapiers.com\/conseils\/politique-de-confidentialite\/\",\"name\":\"Politique de confidentialit\u00e9 - LE BLOG SPECIAL PAIE\",\"isPartOf\":{\"@id\":\"https:\/\/www.lafoliedespapiers.com\/conseils\/#website\"},\"datePublished\":\"2018-05-28T16:59:54+00:00\",\"dateModified\":\"2021-01-29T18:12:29+00:00\",\"description\":\"Consulter la politique de confidentialit\u00e9 et plus g\u00e9n\u00e9ralement les conditions d'utilisation de ce site.\",\"breadcrumb\":{\"@id\":\"https:\/\/www.lafoliedespapiers.com\/conseils\/politique-de-confidentialite\/#breadcrumb\"},\"inLanguage\":\"fr-FR\",\"potentialAction\":[{\"@type\":\"ReadAction\",\"target\":[\"https:\/\/www.lafoliedespapiers.com\/conseils\/politique-de-confidentialite\/\"]}]},{\"@type\":\"BreadcrumbList\",\"@id\":\"https:\/\/www.lafoliedespapiers.com\/conseils\/politique-de-confidentialite\/#breadcrumb\",\"itemListElement\":[{\"@type\":\"ListItem\",\"position\":1,\"name\":\"Accueil\",\"item\":\"https:\/\/www.lafoliedespapiers.com\/conseils\/\"},{\"@type\":\"ListItem\",\"position\":2,\"name\":\"Politique de confidentialit\u00e9\"}]},{\"@type\":\"WebSite\",\"@id\":\"https:\/\/www.lafoliedespapiers.com\/conseils\/#website\",\"url\":\"https:\/\/www.lafoliedespapiers.com\/conseils\/\",\"name\":\"LE BLOG SPECIAL PAIE\",\"description\":\"LA FOLIE DES PAPIERS 100% PAIE\",\"potentialAction\":[{\"@type\":\"SearchAction\",\"target\":{\"@type\":\"EntryPoint\",\"urlTemplate\":\"https:\/\/www.lafoliedespapiers.com\/conseils\/?s={search_term_string}\"},\"query-input\":{\"@type\":\"PropertyValueSpecification\",\"valueRequired\":true,\"valueName\":\"search_term_string\"}}],\"inLanguage\":\"fr-FR\"}]}<\/script>\n<!-- \/ Yoast SEO plugin. -->","yoast_head_json":{"title":"Politique de confidentialit\u00e9 - LE BLOG SPECIAL PAIE","description":"Consulter la politique de confidentialit\u00e9 et plus g\u00e9n\u00e9ralement les conditions d'utilisation de ce site.","robots":{"index":"noindex","follow":"nofollow"},"og_locale":"fr_FR","og_type":"article","og_title":"Politique de confidentialit\u00e9 - LE BLOG SPECIAL PAIE","og_description":"Consulter la politique de confidentialit\u00e9 et plus g\u00e9n\u00e9ralement les conditions d'utilisation de ce site.","og_url":"https:\/\/www.lafoliedespapiers.com\/conseils\/politique-de-confidentialite\/","og_site_name":"LE BLOG SPECIAL PAIE","article_publisher":"https:\/\/fb.com\/lafoliedespapiers","article_modified_time":"2021-01-29T18:12:29+00:00","twitter_card":"summary_large_image","twitter_site":"@LFDP_paie","schema":{"@context":"https:\/\/schema.org","@graph":[{"@type":"WebPage","@id":"https:\/\/www.lafoliedespapiers.com\/conseils\/politique-de-confidentialite\/","url":"https:\/\/www.lafoliedespapiers.com\/conseils\/politique-de-confidentialite\/","name":"Politique de confidentialit\u00e9 - LE BLOG SPECIAL PAIE","isPartOf":{"@id":"https:\/\/www.lafoliedespapiers.com\/conseils\/#website"},"datePublished":"2018-05-28T16:59:54+00:00","dateModified":"2021-01-29T18:12:29+00:00","description":"Consulter la politique de confidentialit\u00e9 et plus g\u00e9n\u00e9ralement les conditions d'utilisation de ce site.","breadcrumb":{"@id":"https:\/\/www.lafoliedespapiers.com\/conseils\/politique-de-confidentialite\/#breadcrumb"},"inLanguage":"fr-FR","potentialAction":[{"@type":"ReadAction","target":["https:\/\/www.lafoliedespapiers.com\/conseils\/politique-de-confidentialite\/"]}]},{"@type":"BreadcrumbList","@id":"https:\/\/www.lafoliedespapiers.com\/conseils\/politique-de-confidentialite\/#breadcrumb","itemListElement":[{"@type":"ListItem","position":1,"name":"Accueil","item":"https:\/\/www.lafoliedespapiers.com\/conseils\/"},{"@type":"ListItem","position":2,"name":"Politique de confidentialit\u00e9"}]},{"@type":"WebSite","@id":"https:\/\/www.lafoliedespapiers.com\/conseils\/#website","url":"https:\/\/www.lafoliedespapiers.com\/conseils\/","name":"LE BLOG SPECIAL PAIE","description":"LA FOLIE DES PAPIERS 100% PAIE","potentialAction":[{"@type":"SearchAction","target":{"@type":"EntryPoint","urlTemplate":"https:\/\/www.lafoliedespapiers.com\/conseils\/?s={search_term_string}"},"query-input":{"@type":"PropertyValueSpecification","valueRequired":true,"valueName":"search_term_string"}}],"inLanguage":"fr-FR"}]}},"jetpack_sharing_enabled":true,"jetpack_shortlink":"https:\/\/wp.me\/P7qzTb-iG","jetpack-related-posts":[],"_links":{"self":[{"href":"https:\/\/www.lafoliedespapiers.com\/conseils\/wp-json\/wp\/v2\/pages\/1158"}],"collection":[{"href":"https:\/\/www.lafoliedespapiers.com\/conseils\/wp-json\/wp\/v2\/pages"}],"about":[{"href":"https:\/\/www.lafoliedespapiers.com\/conseils\/wp-json\/wp\/v2\/types\/page"}],"author":[{"embeddable":true,"href":"https:\/\/www.lafoliedespapiers.com\/conseils\/wp-json\/wp\/v2\/users\/3"}],"replies":[{"embeddable":true,"href":"https:\/\/www.lafoliedespapiers.com\/conseils\/wp-json\/wp\/v2\/comments?post=1158"}],"version-history":[{"count":1,"href":"https:\/\/www.lafoliedespapiers.com\/conseils\/wp-json\/wp\/v2\/pages\/1158\/revisions"}],"predecessor-version":[{"id":1159,"href":"https:\/\/www.lafoliedespapiers.com\/conseils\/wp-json\/wp\/v2\/pages\/1158\/revisions\/1159"}],"wp:attachment":[{"href":"https:\/\/www.lafoliedespapiers.com\/conseils\/wp-json\/wp\/v2\/media?parent=1158"}],"curies":[{"name":"wp","href":"https:\/\/api.w.org\/{rel}","templated":true}]}}